{"id":4636,"date":"2018-03-13T11:22:09","date_gmt":"2018-03-13T11:22:09","guid":{"rendered":"http:\/\/demo-content.kaliumtheme.com\/architecture\/?page_id=2359"},"modified":"2026-02-15T19:59:11","modified_gmt":"2026-02-15T19:59:11","slug":"studio","status":"publish","type":"page","link":"https:\/\/wings-architects.com\/de\/studio\/","title":{"rendered":"\u00dcber uns"},"content":{"rendered":"<div class=\"wpb-content-wrapper\"><div class=\"vc-row-container container\"><div data-vc-full-width=\"true\" data-vc-full-width-temp=\"true\" data-vc-full-width-init=\"false\" data-vc-parallax=\"1.5\" data-vc-parallax-image=\"https:\/\/wings-architects.com\/wp-content\/uploads\/2015\/03\/c14-scaled.jpg\" class=\"vc_row wpb_row vc_row-fluid wpb_animate_when_almost_visible wpb_fadeIn fadeIn vc_custom_1641946908053 vc_row-has-fill vc_general vc_parallax vc_parallax-content-moving row-stretch\"><div data-vc-parallax=\"1.5\" class=\"wpb_animate_when_almost_visible wpb_fadeInLeft fadeInLeft wpb_column vc_column_container vc_col-sm-6 vc_col-has-fill vc_general vc_parallax vc_parallax-content-moving\"><div class=\"vc_column-inner\"><div class=\"wpb_wrapper\"><\/div><\/div><\/div><div data-vc-parallax=\"1.5\" data-vc-parallax-o-fade=\"on\" class=\"wpb_animate_when_almost_visible wpb_fadeInRight fadeInRight wpb_column vc_column_container vc_col-sm-6 vc_col-has-fill vc_general vc_parallax vc_parallax-content-moving-fade js-vc_parallax-o-fade\"><div class=\"vc_column-inner\"><div class=\"wpb_wrapper\">\n\t<div class=\"wpb_text_column wpb_content_element wpb_animate_when_almost_visible wpb_fadeIn fadeIn vc_custom_1662667021689 post-formatting\" >\n\t\t<div class=\"wpb_wrapper\">\n\t\t\t<h3>Profil<\/h3>\n<p>&nbsp;<\/p>\n<p>Wings Architekten sind ein international t\u00e4tiges  Architektur- und Planungsb\u00fcro mit Sitz in Frankfurt am Main mit Schwerpunkt Architektur, Stadtplanung und Innenarchitektur.<\/p>\n<p>In unseren Projekten verfolgen wir einen ganzheitlichen Ansatz, der innovative, anpassungsf\u00e4hige aber vor Allem auch nachhaltige L\u00f6sungen auf die komplexen und dynamischen Herausforderungen unserer Zeit  entwickelt.<\/p>\n<p>Unser B\u00fcro verf\u00fcgt \u00fcber langj\u00e4hrige internationale Projekterfahrungen, die wir immer im Dialog mit unseren Auftraggebern, sowie im jeweiligen kulturellen Kontext bearbeiten. Die Bandbreite unserer Projekte erstreckt sich dabei vom Bildungsbau-, \u00fcber Kultur-, Wohnungs- und B\u00fcrobau bis hin zur Stadtplanung und der Innenarchitektur.<\/p>\n\n\t\t<\/div>\n\t<\/div>\n<\/div><\/div><\/div><\/div><div class=\"vc_row-full-width vc_clearfix\"><\/div><\/div><div class=\"vc-row-container container\"><div class=\"vc_row wpb_row vc_row-fluid vc_row-o-equal-height vc_row-flex\"><div class=\"wpb_column vc_column_container vc_col-sm-12\"><div class=\"vc_column-inner\"><div class=\"wpb_wrapper\"><div class=\"vc_empty_space\"   style=\"height: 64px\"><span class=\"vc_empty_space_inner\"><\/span><\/div><div class=\"vc_row wpb_row vc_inner vc_row-fluid members vc_row-o-equal-height vc_row-flex\"><div class=\"wpb_column vc_column_container vc_col-sm-6\"><div class=\"vc_column-inner\"><div class=\"wpb_wrapper\">\n\t<div class=\"wpb_text_column wpb_content_element post-formatting\" >\n\t\t<div class=\"wpb_wrapper\">\n\t\t\t<h3>Leistungen<\/h3>\n\n\t\t<\/div>\n\t<\/div>\n<\/div><\/div><\/div><div class=\"team-member wpb_column vc_column_container vc_col-sm-6\"><div class=\"vc_column-inner\"><div class=\"wpb_wrapper\">\n\t<div class=\"wpb_text_column wpb_content_element vc_custom_1641817460853 post-formatting\" >\n\t\t<div class=\"wpb_wrapper\">\n\t\t\t<p><span style=\"font-size: medium;\">Architektur\u00a0<\/span><\/p>\n<p><span style=\"font-size: medium;\">Innenarchitektur<\/span><\/p>\n<p><span style=\"font-size: medium;\">Stadtplanung<\/span><\/p>\n<p><span style=\"font-size: medium;\">Nachhaltiges Bauen<\/span><\/p>\n\n\t\t<\/div>\n\t<\/div>\n<\/div><\/div><\/div><\/div><\/div><\/div><\/div><div class=\"wpb_column vc_column_container vc_col-sm-12\"><div class=\"vc_column-inner\"><div class=\"wpb_wrapper\"><div class=\"vc_empty_space\"   style=\"height: 64px\"><span class=\"vc_empty_space_inner\"><\/span><\/div><\/div><\/div><\/div><\/div><\/div><div class=\"vc-row-container container\"><div class=\"vc_row wpb_row vc_row-fluid vc_row-o-equal-height vc_row-flex\"><div class=\"wpb_column vc_column_container vc_col-sm-12\"><div class=\"vc_column-inner\"><div class=\"wpb_wrapper\"><div class=\"vc_empty_space\"   style=\"height: 64px\"><span class=\"vc_empty_space_inner\"><\/span><\/div><div class=\"vc_row wpb_row vc_inner vc_row-fluid members vc_row-o-equal-height vc_row-flex\"><div class=\"wpb_column vc_column_container vc_col-sm-6\"><div class=\"vc_column-inner\"><div class=\"wpb_wrapper\">\n\t<div class=\"wpb_text_column wpb_content_element post-formatting\" >\n\t\t<div class=\"wpb_wrapper\">\n\t\t\t<h3>Marktsektoren<\/h3>\n\n\t\t<\/div>\n\t<\/div>\n<\/div><\/div><\/div><div class=\"team-member wpb_column vc_column_container vc_col-sm-6\"><div class=\"vc_column-inner\"><div class=\"wpb_wrapper\">\n\t<div class=\"wpb_text_column wpb_content_element vc_custom_1755516843230 post-formatting\" >\n\t\t<div class=\"wpb_wrapper\">\n\t\t\t<p><span style=\"font-size: medium;\">Kommerzielle B\u00fcrogeb\u00e4ude \u00a0 \u00a0 \u00a0<\/span><\/p>\n<p><span style=\"font-size: medium;\">Wissenschaft &amp; Technologiegeb\u00e4ude<\/span><\/p>\n<p><span style=\"font-size: medium;\">Kultur &amp; Bildungsbauten<\/span><\/p>\n<p><span style=\"font-size: medium;\">Aviation Industry<\/span><\/p>\n<p><span style=\"font-size: medium;\">Wohngeb\u00e4ude &amp; Hotels<\/span><\/p>\n<p><span style=\"font-size: medium;\">Umnutzungen &amp; Repositionierungen<\/span><\/p>\n<p><span style=\"font-size: medium;\">Mixed Use &amp; Gewerbe<\/span><\/p>\n\n\t\t<\/div>\n\t<\/div>\n<\/div><\/div><\/div><\/div><\/div><\/div><\/div><div class=\"wpb_column vc_column_container vc_col-sm-12\"><div class=\"vc_column-inner\"><div class=\"wpb_wrapper\"><div class=\"vc_empty_space\"   style=\"height: 64px\"><span class=\"vc_empty_space_inner\"><\/span><\/div><\/div><\/div><\/div><\/div><\/div><div class=\"vc-row-container container\"><div data-vc-full-width=\"true\" data-vc-full-width-temp=\"true\" data-vc-full-width-init=\"false\" data-vc-parallax=\"1.4\" data-vc-parallax-image=\"https:\/\/wings-architects.com\/wp-content\/uploads\/2020\/05\/officepic.jpg\" class=\"vc_row wpb_row vc_row-fluid vc_custom_1589217837060 vc_row-has-fill vc_general vc_parallax vc_parallax-content-moving row-stretch\"><div data-vc-parallax=\"1.5\" class=\"wpb_animate_when_almost_visible wpb_fadeInLeft fadeInLeft wpb_column vc_column_container vc_col-sm-6 vc_col-has-fill vc_general vc_parallax vc_parallax-content-moving\"><div class=\"vc_column-inner\"><div class=\"wpb_wrapper\">\n\t<div class=\"wpb_text_column wpb_content_element vc_custom_1662667048889 post-formatting\" >\n\t\t<div class=\"wpb_wrapper\">\n\t\t\t<h3 class=\"section-header section-header-bold\">Studio<\/h3>\n<p>&nbsp;<\/p>\n<p>Unser Studio arbeitet kollaborativ und wird unterst\u00fctzt durch ein multidisziplin\u00e4res und multikulturelles Team an Mitarbeitern, welche ein breites Spektrum an Fachwissen mit  unterschiedlichsten F\u00e4higkeiten in den Entwurfsprozess einbringen.<\/p>\n<p>Mit einem internationalen Netzwerk von Partnern in Shanghai und London k\u00f6nnen wir massgeschneiderte und fach\u00fcbergreifende L\u00f6sungen anbieten, die h\u00f6chsten Anspr\u00fcchen gerecht werden.<\/p>\n\n\t\t<\/div>\n\t<\/div>\n<\/div><\/div><\/div><div class=\"wpb_column vc_column_container vc_col-sm-6\"><div class=\"vc_column-inner\"><div class=\"wpb_wrapper\"><\/div><\/div><\/div><\/div><div class=\"vc_row-full-width vc_clearfix\"><\/div><\/div><div class=\"vc-row-container container\"><div class=\"vc_row wpb_row vc_row-fluid vc_row-o-equal-height vc_row-flex\"><div class=\"wpb_column vc_column_container vc_col-sm-12\"><div class=\"vc_column-inner\"><div class=\"wpb_wrapper\"><div class=\"vc_empty_space\"   style=\"height: 64px\"><span class=\"vc_empty_space_inner\"><\/span><\/div><div class=\"vc_row wpb_row vc_inner vc_row-fluid members\"><div class=\"wpb_column vc_column_container vc_col-sm-6\"><div class=\"vc_column-inner\"><div class=\"wpb_wrapper\">\n\t<div class=\"wpb_text_column wpb_content_element post-formatting\" >\n\t\t<div class=\"wpb_wrapper\">\n\t\t\t<h3>Team<\/h3>\n<p>&nbsp;<\/p>\n<p>Als Gruppe Gleichgesinnter mit unterschiedlichen Erfahrungshorizonten teilen wir alle die gleiche Vision und Leidenschaft im Bereich der Architektur, des St\u00e4dtebau und Innenarchitektur. Unsere Teams arbeitet \u00fcber verschiedene geografische Standorte und Zeitzonen hinweg zusammen. Dieser kooperative und fach\u00fcbergreifende Ansatz erm\u00f6glicht es uns, vielf\u00e4ltige F\u00e4higkeiten und Dienstleistungen miteinander zu kombinieren, um besonders kundenspezifische und ma\u00dfgeschneiderte L\u00f6sungen anzubieten.<\/p>\n\n\t\t<\/div>\n\t<\/div>\n<\/div><\/div><\/div><\/div><div class=\"vc_empty_space\"   style=\"height: 64px\"><span class=\"vc_empty_space_inner\"><\/span><\/div><div class=\"vc_empty_space\"   style=\"height: 64px\"><span class=\"vc_empty_space_inner\"><\/span><\/div><div class=\"vc_row wpb_row vc_inner vc_row-fluid\"><div class=\"wpb_column vc_column_container vc_col-sm-4\"><div class=\"vc_column-inner\"><div class=\"wpb_wrapper\">\n\t<div  class=\"wpb_single_image wpb_content_element vc_align_center wpb_content_element wpb_animate_when_almost_visible wpb_fadeIn fadeIn\">\n\t\t\n\t\t<figure class=\"wpb_wrapper vc_figure\">\n\t\t\t<div class=\"vc_single_image-wrapper   vc_box_border_grey\"><img decoding=\"async\" class=\"vc_single_image-img\" src=\"https:\/\/wings-architects.com\/wp-content\/uploads\/2022\/09\/5949b40f_SW_2-567x600.jpg\" width=\"567\" height=\"600\" alt=\"5949b40f_SW_2\" title=\"5949b40f_SW_2\" loading=\"lazy\" \/><\/div>\n\t\t<\/figure>\n\t<\/div>\n<h4 style=\"font-size: 22px;text-align: left\" class=\"vc_custom_heading vc_do_custom_heading\" >Henrik Wings<\/h4>\n\t<div class=\"wpb_text_column wpb_content_element vc_custom_1764412083004 post-formatting\" >\n\t\t<div class=\"wpb_wrapper\">\n\t\t\t<p>Gesch\u00e4ftsf\u00fchrer &amp; Direktor, Dipl.-Ing. Architekt<\/p>\n<p>&nbsp;<\/p>\n<p>Als Architekt mit \u00fcber 18 Jahren internationaler Projekterfahrung ist Henrik Entwurfsleiter und Gesch\u00e4ftsf\u00fchrer von Wings Architekten.<\/p>\n<p>More than 20 years of professional experience across four continents gave him in-depth design and management know-how as well as an intercultural business understanding that enabled him to create numerous award-winning projects.<\/p>\n<p>Vor der Gr\u00fcndung von Wings Architekten arbeitete er unter anderem als Design Direktor f\u00fcr Gensler und HLW, sowie als gesch\u00e4ftsf\u00fchrender Architekt\u00a0f\u00fcr Swanke Hayden Connell Architects mit Verantwortung f\u00fcr die Region China und Asien-Pazifik.<\/p>\n<p>Henrik ist registrierter Architekt und Mitglied in der AKH\/ Architektenkammer Hessen.<\/p>\n\n\t\t<\/div>\n\t<\/div>\n<\/div><\/div><\/div><div class=\"wpb_column vc_column_container vc_col-sm-4\"><div class=\"vc_column-inner\"><div class=\"wpb_wrapper\">\n\t<div  class=\"wpb_single_image wpb_content_element vc_align_center wpb_content_element wpb_animate_when_almost_visible wpb_fadeIn fadeIn\">\n\t\t\n\t\t<figure class=\"wpb_wrapper vc_figure\">\n\t\t\t<div class=\"vc_single_image-wrapper   vc_box_border_grey\"><img decoding=\"async\" class=\"vc_single_image-img\" src=\"https:\/\/wings-architects.com\/wp-content\/uploads\/2022\/09\/Roland_SW2-567x600.jpg\" width=\"567\" height=\"600\" alt=\"Roland_SW2\" title=\"Roland_SW2\" loading=\"lazy\" \/><\/div>\n\t\t<\/figure>\n\t<\/div>\n<h4 style=\"font-size: 22px;text-align: left\" class=\"vc_custom_heading vc_do_custom_heading\" >Roland Winkler<\/h4>\n\t<div class=\"wpb_text_column wpb_content_element vc_custom_1664124703830 post-formatting\" >\n\t\t<div class=\"wpb_wrapper\">\n\t\t\t<p>Projektpartner &amp; Direktor f\u00fcr \u00f6kologische Planung u. Nachhaltigkeit, PhD.<\/p>\n<p>&nbsp;<\/p>\n<p>Roland ist promovierter Sinologe der LMU M\u00fcnchen und unser Projektpartner in Shanghai. Er ist seit \u00fcber 20 Jahren im Bereich Nachhaltigkeit, Stadtentwicklung und energieeffizientes Bauen in China aktiv.<\/p>\n<p>Roland ist Gr\u00fcnder von MUDI Ltd., einem umfassenden AEC-Dienstleister, welche unter anderem das erste Niedrigenergiegeb\u00e4ude in Shanghai, das PIV in Pujiang, entwickelt hatten. Er ist zudem Initiator der Ecobuild Shanghai, einer Nachhaltigkeitsplattform, welche er gemeinsam mit der Deutschen Handelskammer Shanghai und der Stadt Hamburg anschliessend zur Econet China weiterentwickelte.<\/p>\n<p>Als Vorsitzender des deutschen Vereins SINOBAU e.V., hat er sich zum Ziel gesetzt, eine fach\u00fcbergreifende Zusammenarbeit im Bereich des energieeffizienten  Bauens zu f\u00f6rdern, um m\u00f6glichst fortschrittliche und klimaschonende Bauweisen zu entwickeln.<\/p>\n\n\t\t<\/div>\n\t<\/div>\n<\/div><\/div><\/div><div class=\"wpb_column vc_column_container vc_col-sm-4\"><div class=\"vc_column-inner\"><div class=\"wpb_wrapper\">\n\t<div  class=\"wpb_single_image wpb_content_element vc_align_center wpb_content_element wpb_animate_when_almost_visible wpb_fadeIn fadeIn\">\n\t\t\n\t\t<figure class=\"wpb_wrapper vc_figure\">\n\t\t\t<div class=\"vc_single_image-wrapper   vc_box_border_grey\"><img decoding=\"async\" class=\"vc_single_image-img\" src=\"https:\/\/wings-architects.com\/wp-content\/uploads\/2026\/02\/C_2-15._2jpg-567x600.png\" width=\"567\" height=\"600\" alt=\"C_2-15._2jpg\" title=\"C_2-15._2jpg\" loading=\"lazy\" \/><\/div>\n\t\t<\/figure>\n\t<\/div>\n<h4 style=\"font-size: 22px;text-align: left\" class=\"vc_custom_heading vc_do_custom_heading\" >Christian Seeling<\/h4>\n\t<div class=\"wpb_text_column wpb_content_element vc_custom_1771184042906 post-formatting\" >\n\t\t<div class=\"wpb_wrapper\">\n\t\t\t<p>Director of Marketing &amp; Communications, Dipl. Des.<\/p>\n<p>&nbsp;<\/p>\n<p class=\"p1\">Christian verantwortet die Entwicklung ganzheitlicher visueller Markenstrategien f\u00fcr anspruchsvolle Unternehmen und Premium-Marken. Sein Ansatz verbindet strategische Klarheit mit \u00e4sthetischer Exzellenz und schafft differenzierende Markenauftritte mit nachhaltiger Wirkung. Seit Dezember 2025 verst\u00e4rkt er unser Team mit seiner internationalen Erfahrung und seinem ausgepr\u00e4gten Markenverst\u00e4ndnis.<\/p>\n<p class=\"p1\">Sein Fokus liegt auf Employer Branding, hochwertigem Social Media Content und Corporate Storytelling auf strategischem Niveau. Durch die pr\u00e4zise Verbindung von visueller Identit\u00e4t und digitaler Marketingstrategie entstehen Inhalte, die Markenprofil, Reputation und Marktposition nachhaltig st\u00e4rken.<\/p>\n<p class=\"p1\">Als Diplom-Designer f\u00fcr Visuelle Kommunikation verf\u00fcgt Christian \u00fcber mehr als 30 Jahre internationale Erfahrung in strategischem Marketing, Fotografie und Film. Seinen Abschluss erwarb er an der Bauhaus-Universit\u00e4t Weimar.<\/p>\n\n\t\t<\/div>\n\t<\/div>\n<\/div><\/div><\/div><\/div><\/div><\/div><\/div><\/div><\/div><div class=\"vc-row-container container parent--studio-awards\"><div data-vc-full-width=\"true\" data-vc-full-width-temp=\"true\" data-vc-full-width-init=\"false\" class=\"vc_row wpb_row vc_row-fluid studio-awards vc_custom_1526907722484 vc_row-has-fill row-stretch\"><div class=\"wpb_column vc_column_container vc_col-sm-4\"><div class=\"vc_column-inner vc_custom_1526908080546\"><div class=\"wpb_wrapper\"><div class=\"vc_empty_space\"   style=\"height: 32px\"><span class=\"vc_empty_space_inner\"><\/span><\/div>\n\t<div class=\"wpb_text_column wpb_content_element post-formatting\" >\n\t\t<div class=\"wpb_wrapper\">\n\t\t\t<h3><\/h3>\n<h3>Awards<\/h3>\n\n\t\t<\/div>\n\t<\/div>\n<\/div><\/div><\/div><div class=\"wpb_column vc_column_container vc_col-sm-4\"><div class=\"vc_column-inner vc_custom_1526908084562\"><div class=\"wpb_wrapper\"><div class=\"vc_empty_space\"   style=\"height: 32px\"><span class=\"vc_empty_space_inner\"><\/span><\/div>\n\t<div class=\"wpb_text_column wpb_content_element vc_custom_1661969470542 post-formatting\" >\n\t\t<div class=\"wpb_wrapper\">\n\t\t\t<h4><\/h4>\n<h4>Modellprojekt Schulbau in Holzbauweise<\/h4>\n<p>4. Rang\/ engere Wahl im offenen Wettbewerb, 2022<\/p>\n<h4><\/h4>\n<p>&nbsp;<\/p>\n<h4>Hongshi Hauptquartier, Hangzhou<\/h4>\n<p>1. Preis Internationaler Wettbewerb, 2019<\/p>\n<p>&nbsp;<\/p>\n<h4>Zhangjiang Science City Twin Towers, Shanghai<\/h4>\n<p>1. Preis Internationaler Wettbewerb, 2019<\/p>\n<p>&nbsp;<\/p>\n<h4>Alibaba Xixi Park Nord Campus, Hangzhou<\/h4>\n<p>Finalist Internationaler Wettbewerb, 2018<\/p>\n<p>&nbsp;<\/p>\n<h4>B\u00fcropark &amp; Hauptquartier, Suzhou<\/h4>\n<p>1. Preis, Internationaler Wettbewerb, 2017<\/p>\n<p>&nbsp;<\/p>\n<h4>Qiantan #33 Mixed Use Projekt, Shanghai<\/h4>\n<p>1. Preis, Internationaler Wettbewerb, 2014<\/p>\n<p>&nbsp;<\/p>\n<h4>Shekou Network Valley, Shenzen<\/h4>\n<p>Finalist, Internationaler Wettbewerb, 2012<br \/>\nWorldarchitecturenews: <a href=\"https:\/\/www.worldarchitecturenews.com\/article\/1510775\/networking-opportunities-shenzen-city\">Networking opportunities in Shenzen City<\/a><\/p>\n\n\t\t<\/div>\n\t<\/div>\n<div class=\"vc_empty_space\"   style=\"height: 32px\"><span class=\"vc_empty_space_inner\"><\/span><\/div><\/div><\/div><\/div><div class=\"wpb_column vc_column_container vc_col-sm-4\"><div class=\"vc_column-inner vc_custom_1526908088352\"><div class=\"wpb_wrapper\"><div class=\"vc_empty_space\"   style=\"height: 32px\"><span class=\"vc_empty_space_inner\"><\/span><\/div>\n\t<div class=\"wpb_text_column wpb_content_element vc_custom_1591306656084 awards-and-press-column post-formatting\" >\n\t\t<div class=\"wpb_wrapper\">\n\t\t\t<h4><\/h4>\n<p>&nbsp;<\/p>\n<div class=\"page\" title=\"Page 26\">\n<div class=\"section\">\n<div class=\"layoutArea\">\n<div class=\"column\">\n<p>&nbsp;<\/p>\n<\/div>\n<\/div>\n<\/div>\n<\/div>\n\n\t\t<\/div>\n\t<\/div>\n<\/div><\/div><\/div><\/div><div class=\"vc_row-full-width vc_clearfix\"><\/div><\/div><div class=\"vc-row-container container parent--studio-press\"><div data-vc-full-width=\"true\" data-vc-full-width-temp=\"true\" data-vc-full-width-init=\"false\" class=\"vc_row wpb_row vc_row-fluid studio-press vc_custom_1641757910413 vc_row-has-fill row-stretch\"><div class=\"wpb_column vc_column_container vc_col-sm-12\"><div class=\"vc_column-inner vc_custom_1526908006699\"><div class=\"wpb_wrapper\">\n\t<div class=\"wpb_text_column wpb_content_element vc_custom_1642030349792 post-formatting\" >\n\t\t<div class=\"wpb_wrapper\">\n\t\t\t\n\t\t<\/div>\n\t<\/div>\n<\/div><\/div><\/div><\/div><div class=\"vc_row-full-width vc_clearfix\"><\/div><\/div>\n<\/div>","protected":false},"excerpt":{"rendered":"About us &nbsp; Wings Architects is an international design studio based in Frankfurt, Germany, specializing in architecture, urban planning and interior design. We believe in a comprehensive and holistic approach that seeks and researches innovative, adaptable and sustainable answers for today's complex and dynamic challenges. The practice has profound international expertise in\u00a0Commercial, Retail, Interior Design,&hellip;","protected":false},"author":1,"featured_media":0,"parent":0,"menu_order":2,"comment_status":"closed","ping_status":"closed","template":"","meta":{"_acf_changed":false,"om_disable_all_campaigns":false,"_monsterinsights_skip_tracking":false,"_monsterinsights_sitenote_active":false,"_monsterinsights_sitenote_note":"","_monsterinsights_sitenote_category":0,"_uf_show_specific_survey":0,"_uf_disable_surveys":false,"footnotes":""},"class_list":["post-4636","page","type-page","status-publish","hentry"],"acf":[],"aioseo_notices":[],"jetpack_sharing_enabled":true,"_links":{"self":[{"href":"https:\/\/wings-architects.com\/de\/wp-json\/wp\/v2\/pages\/4636","targetHints":{"allow":["GET"]}}],"collection":[{"href":"https:\/\/wings-architects.com\/de\/wp-json\/wp\/v2\/pages"}],"about":[{"href":"https:\/\/wings-architects.com\/de\/wp-json\/wp\/v2\/types\/page"}],"author":[{"embeddable":true,"href":"https:\/\/wings-architects.com\/de\/wp-json\/wp\/v2\/users\/1"}],"replies":[{"embeddable":true,"href":"https:\/\/wings-architects.com\/de\/wp-json\/wp\/v2\/comments?post=4636"}],"version-history":[{"count":433,"href":"https:\/\/wings-architects.com\/de\/wp-json\/wp\/v2\/pages\/4636\/revisions"}],"predecessor-version":[{"id":7878,"href":"https:\/\/wings-architects.com\/de\/wp-json\/wp\/v2\/pages\/4636\/revisions\/7878"}],"wp:attachment":[{"href":"https:\/\/wings-architects.com\/de\/wp-json\/wp\/v2\/media?parent=4636"}],"curies":[{"name":"wp","href":"https:\/\/api.w.org\/{rel}","templated":true}]}}