{"id":7849,"date":"2025-09-23T09:00:25","date_gmt":"2025-09-23T09:00:25","guid":{"rendered":"https:\/\/wings-architects.com\/?page_id=7849"},"modified":"2025-09-23T16:37:10","modified_gmt":"2025-09-23T16:37:10","slug":"jobs","status":"publish","type":"page","link":"https:\/\/wings-architects.com\/de\/jobs\/","title":{"rendered":"Jobs"},"content":{"rendered":"<div class=\"wpb-content-wrapper\"><div class=\"vc-row-container container\"><div class=\"vc_row wpb_row vc_row-fluid\"><div class=\"wpb_column vc_column_container vc_col-sm-12\"><div class=\"vc_column-inner\"><div class=\"wpb_wrapper\">\n\t<div class=\"wpb_text_column wpb_content_element post-formatting\" >\n\t\t<div class=\"wpb_wrapper\">\n\t\t\t<p><span style=\"font-size: 18pt;\"><strong>Wir stellen ein: Architekt:in (m\/w\/d) f\u00fcr LPH 5\u20138<\/strong><\/span><\/p>\n<p>&nbsp;<\/p>\n<p>Wir suchen Unterst\u00fctzung f\u00fcr unser Team bei spannenden Projekten im Bereich\u00a0<strong>Hochbau und Innenausbau<\/strong><\/p>\n<p>Wenn du Freude daran hast, Planungen in die Realit\u00e4t umzusetzen und mit Liebe zum Detail die Ausf\u00fchrung zu begleiten, bist du bei uns genau richtig!<\/p>\n<p><strong>Deine Aufgaben:<\/strong><\/p>\n<p>\u00a0<\/p>\n<ul class=\"wp-block-list\">\n<li style=\"list-style-type: none;\">\n<ul class=\"wp-block-list\">\n<li>Mitwirkung in den Leistungsphasen 5\u20138 (Ausf\u00fchrungsplanung bis Objekt\u00fcberwachung)<\/li>\n<li>Erstellung und Pr\u00fcfung von Ausf\u00fchrungspl\u00e4nen und Details<\/li>\n<li>Koordination von Fachplanern und ausf\u00fchrenden Firmen<\/li>\n<li>Qualit\u00e4ts-, Kosten- und Terminmanagement auf der Baustelle<\/li>\n<\/ul>\n<\/li>\n<\/ul>\n<p>\u00a0<\/p>\n<p><strong>Das bringst du mit:<\/strong><\/p>\n<p>\u00a0<\/p>\n<ul class=\"wp-block-list\">\n<li style=\"list-style-type: none;\">\n<ul class=\"wp-block-list\">\n<li>Abgeschlossenes Studium der Architektur<\/li>\n<li>Mindestens 5 Jahre Berufserfahrung in den LPH 5\u20138 in der DACH- Region<\/li>\n<li>Sorgfalt, Teamgeist und Kommunikationsst\u00e4rke<\/li>\n<li>Sicherer Umgang mit CAD-Programmen und BIM (Archicad 28)<\/li>\n<\/ul>\n<\/li>\n<\/ul>\n<p>\u00a0<\/p>\n<p><strong>Wir bieten dir:<\/strong><\/p>\n<p>\u00a0<\/p>\n<ul class=\"wp-block-list\">\n<li style=\"list-style-type: none;\">\n<ul class=\"wp-block-list\">\n<li>Spannende und vielseitige Projekte im Hochbau und Interior Design<\/li>\n<li>Ein kreatives und kollegiales Team<\/li>\n<li>Eigenverantwortliches Arbeiten mit kurzen Entscheidungswegen<\/li>\n<li>Moderne Arbeitsumgebung und flexible Strukturen<\/li>\n<li>M\u00f6glichkeiten zum hybriden Arbeiten<\/li>\n<\/ul>\n<\/li>\n<\/ul>\n<p>\u00a0<\/p>\n<p>Interessiert? Dann sende deine aussagekr\u00e4ftigen Bewerbungsunterlagen an:<\/p>\n<p><a href=\"mailto:jobs@wings-architects.com\">jobs@wings-architects.com<\/a><\/p>\n<p>#Architektur #Job #Hiring #Hochbau #Innenarchitektur #Karriere<\/p>\n<p>&nbsp;<\/p>\n<p>&nbsp;<\/p>\n<p>\u00a0<\/p>\n<p><span style=\"font-size: 18pt;\"><strong>Werkstudent:in Architektur (m\/w\/d)<\/strong><\/span><\/p>\n<p>&nbsp;<\/p>\n<p><em>Schwerpunkt Ausf\u00fchrungsplanung &amp; Projektunterst\u00fctzung<\/em><\/p>\n<p>Wir suchen ab sofort eine engagierte Werkstudentin oder einen engagierten Werkstudenten zur Unterst\u00fctzung unseres Teams in spannenden Hochbau- und Innenausbauprojekten.<\/p>\n<p><strong>Deine Aufgaben:<\/strong><\/p>\n<p>\u00a0<\/p>\n<ul class=\"wp-block-list\">\n<li style=\"list-style-type: none;\">\n<ul class=\"wp-block-list\">\n<li>Mitarbeit von der Entwurfs- bis zur Ausf\u00fchrungsplanung (LP 1\u20135)<\/li>\n<li>Unterst\u00fctzung bei Detail- und Ausf\u00fchrungszeichnungen<\/li>\n<li>Mitarbeit bei Projektorganisation und Dokumentation<\/li>\n<li>Recherche und Aufbereitung projektbezogener Themen<\/li>\n<\/ul>\n<\/li>\n<\/ul>\n<p>\u00a0<\/p>\n<p><strong>Dein Profil:<\/strong><\/p>\n<p>\u00a0<\/p>\n<ul class=\"wp-block-list\">\n<li style=\"list-style-type: none;\">\n<ul class=\"wp-block-list\">\n<li>Eingeschriebene:r Student:in der Architektur (ab 4. Semester)<\/li>\n<li>Sicherer Umgang mit CAD-Programmen (z. B. ArchiCAD, Revit, Sketchup, Rhino)<\/li>\n<li>Grundkenntnisse in Adobe Creative Suite und MS Office und mac OS von Vorteil<\/li>\n<li>Strukturiertes, zuverl\u00e4ssiges Arbeiten und Lust, im Team Verantwortung zu \u00fcbernehmen<\/li>\n<\/ul>\n<\/li>\n<\/ul>\n<p>\u00a0<\/p>\n<p><strong>Wir bieten:<\/strong><\/p>\n<p>\u00a0<\/p>\n<ul class=\"wp-block-list\">\n<li style=\"list-style-type: none;\">\n<ul class=\"wp-block-list\">\n<li>Ein kreatives, b\u00fcro\u00fcbergreifendes Team mit flachen Hierarchien<\/li>\n<li>Moderne Arbeitsm\u00f6glichkeiten mit der Option auf hybrides Arbeiten<\/li>\n<li>Einblicke in spannende Projekte im Hochbau und Innenausbau<\/li>\n<li>Flexible Arbeitszeiten, die sich gut mit dem Studium vereinbaren lassen<\/li>\n<\/ul>\n<\/li>\n<\/ul>\n<p>\u00a0<\/p>\n<p><strong>Arbeitsumfang:<\/strong>\u00a010\u201320 Stunden pro Woche nach Absprache<\/p>\n<p>Wenn du Lust hast, Praxiserfahrung in einem motivierten Team zu sammeln, freuen wir uns auf deine Bewerbung mit kurzem Lebenslauf und Portfolio an:<\/p>\n<p><a href=\"mailto:jobs@wings-architects.com\">jobs@wings-architects.com<\/a><\/p>\n<p> #Architektur #Job #Hiring #Hochbau #Innenarchitektur #Karriere<\/p>\n<p>\u00a0<\/p>\n\n\t\t<\/div>\n\t<\/div>\n<\/div><\/div><\/div><\/div><\/div><\/div>","protected":false},"excerpt":{"rendered":"Wir stellen ein: Architekt:in (m\/w\/d) f\u00fcr LPH 5\u20138 &nbsp; Wir suchen Unterst\u00fctzung f\u00fcr unser Team bei spannenden Projekten im Bereich\u00a0Hochbau und Innenausbau Wenn du Freude daran hast, Planungen in die Realit\u00e4t umzusetzen und mit Liebe zum Detail die Ausf\u00fchrung zu begleiten, bist du bei uns genau richtig! Deine Aufgaben: \u00a0 Mitwirkung in den Leistungsphasen 5\u20138&hellip;","protected":false},"author":1,"featured_media":0,"parent":0,"menu_order":0,"comment_status":"closed","ping_status":"closed","template":"","meta":{"_acf_changed":false,"om_disable_all_campaigns":false,"_monsterinsights_skip_tracking":false,"_monsterinsights_sitenote_active":false,"_monsterinsights_sitenote_note":"","_monsterinsights_sitenote_category":0,"_uf_show_specific_survey":0,"_uf_disable_surveys":false,"footnotes":""},"class_list":["post-7849","page","type-page","status-publish","hentry"],"acf":[],"aioseo_notices":[],"jetpack_sharing_enabled":true,"_links":{"self":[{"href":"https:\/\/wings-architects.com\/de\/wp-json\/wp\/v2\/pages\/7849","targetHints":{"allow":["GET"]}}],"collection":[{"href":"https:\/\/wings-architects.com\/de\/wp-json\/wp\/v2\/pages"}],"about":[{"href":"https:\/\/wings-architects.com\/de\/wp-json\/wp\/v2\/types\/page"}],"author":[{"embeddable":true,"href":"https:\/\/wings-architects.com\/de\/wp-json\/wp\/v2\/users\/1"}],"replies":[{"embeddable":true,"href":"https:\/\/wings-architects.com\/de\/wp-json\/wp\/v2\/comments?post=7849"}],"version-history":[{"count":5,"href":"https:\/\/wings-architects.com\/de\/wp-json\/wp\/v2\/pages\/7849\/revisions"}],"predecessor-version":[{"id":7855,"href":"https:\/\/wings-architects.com\/de\/wp-json\/wp\/v2\/pages\/7849\/revisions\/7855"}],"wp:attachment":[{"href":"https:\/\/wings-architects.com\/de\/wp-json\/wp\/v2\/media?parent=7849"}],"curies":[{"name":"wp","href":"https:\/\/api.w.org\/{rel}","templated":true}]}}